{"id":23,"date":"2020-11-22T10:32:49","date_gmt":"2020-11-22T10:32:49","guid":{"rendered":"http:\/\/simfri.dk\/?page_id=23"},"modified":"2026-04-27T10:40:07","modified_gmt":"2026-04-27T10:40:07","slug":"forside","status":"publish","type":"page","link":"https:\/\/simfri.dk\/","title":{"rendered":"Forside"},"content":{"rendered":"\t\t<div data-elementor-type=\"wp-page\" data-elementor-id=\"23\" class=\"elementor elementor-23\" data-elementor-post-type=\"page\">\n\t\t\t\t<div class=\"elementor-element elementor-element-2e72982 e-flex e-con-boxed e-con e-parent\" data-id=\"2e72982\" data-element_type=\"container\" data-e-type=\"container\">\n\t\t\t\t\t<div class=\"e-con-inner\">\n\t\t\t\t<div class=\"elementor-element elementor-element-7cfa4fb elementor-widget elementor-widget-spacer\" data-id=\"7cfa4fb\" data-element_type=\"widget\" data-e-type=\"widget\" data-widget_type=\"spacer.default\">\n\t\t\t\t\t\t\t<div class=\"elementor-spacer\">\n\t\t\t<div class=\"elementor-spacer-inner\"><\/div>\n\t\t<\/div>\n\t\t\t\t\t\t<\/div>\n\t\t\t\t\t<\/div>\n\t\t\t\t<\/div>\n\t\t<div class=\"elementor-element elementor-element-bab7b2a e-flex e-con-boxed e-con e-parent\" data-id=\"bab7b2a\" data-element_type=\"container\" data-e-type=\"container\">\n\t\t\t\t\t<div class=\"e-con-inner\">\n\t\t\t\t<div class=\"elementor-element elementor-element-d66778e elementor-widget elementor-widget-heading\" data-id=\"d66778e\" data-element_type=\"widget\" data-e-type=\"widget\" data-widget_type=\"heading.default\">\n\t\t\t\t\t<h2 class=\"elementor-heading-title elementor-size-default\">Infom\u00f8de onsdag 6. maj 18.30<\/h2>\t\t\t\t<\/div>\n\t\t\t\t\t<\/div>\n\t\t\t\t<\/div>\n\t\t<div class=\"elementor-element elementor-element-3c262bc e-grid e-con-boxed e-con e-parent\" data-id=\"3c262bc\" data-element_type=\"container\" data-e-type=\"container\">\n\t\t\t\t\t<div class=\"e-con-inner\">\n\t\t\t\t<div class=\"elementor-element elementor-element-df05351 elementor-widget elementor-widget-image\" data-id=\"df05351\" data-element_type=\"widget\" data-e-type=\"widget\" data-widget_type=\"image.default\">\n\t\t\t\t\t\t\t\t\t\t\t\t\t\t\t<img fetchpriority=\"high\" decoding=\"async\" width=\"940\" height=\"788\" src=\"https:\/\/simfri.dk\/wp-content\/uploads\/2026\/04\/Kopi-af-1-7.png\" class=\"attachment-large size-large wp-image-1632\" alt=\"\" srcset=\"https:\/\/simfri.dk\/wp-content\/uploads\/2026\/04\/Kopi-af-1-7.png 940w, https:\/\/simfri.dk\/wp-content\/uploads\/2026\/04\/Kopi-af-1-7-300x251.png 300w, https:\/\/simfri.dk\/wp-content\/uploads\/2026\/04\/Kopi-af-1-7-768x644.png 768w\" sizes=\"(max-width: 940px) 100vw, 940px\" \/>\t\t\t\t\t\t\t\t\t\t\t\t\t\t\t<\/div>\n\t\t\t\t<div class=\"elementor-element elementor-element-58c023b elementor-widget elementor-widget-text-editor\" data-id=\"58c023b\" data-element_type=\"widget\" data-e-type=\"widget\" data-widget_type=\"text-editor.default\">\n\t\t\t\t\t\t\t\t\t<p>Kig forbi SimFri p\u00e5 onsdag 6. maj og h\u00f8r mere om vores nye sp\u00e6ndende udskoling.<\/p><p>Sportslinjen starter fra kommende skole\u00e5r 2026\/27 for elever fra \u00e5rgang 2013 og 2014.<\/p><p>Er du nysgerrig og vil gerne h\u00f8re mere?<\/p><p>For\u00e6ldre og barn er meget velkommen 6. maj kl. 18.30\u00a0<\/p><p>SimFri, Simmersted Byvej 6, 6500 Vojens\u00a0<\/p>\t\t\t\t\t\t\t\t<\/div>\n\t\t\t\t\t<\/div>\n\t\t\t\t<\/div>\n\t\t\t\t<section class=\"elementor-section elementor-top-section elementor-element elementor-element-823d6a6 elementor-section-boxed elementor-section-height-default elementor-section-height-default\" data-id=\"823d6a6\" data-element_type=\"section\" data-e-type=\"section\">\n\t\t\t\t\t\t<div class=\"elementor-container elementor-column-gap-default\">\n\t\t\t\t\t<div class=\"elementor-column elementor-col-100 elementor-top-column elementor-element elementor-element-11b89b3\" data-id=\"11b89b3\" data-element_type=\"column\" data-e-type=\"column\">\n\t\t\t<div class=\"elementor-widget-wrap elementor-element-populated\">\n\t\t\t\t\t\t<div class=\"elementor-element elementor-element-544fa62 elementor-widget elementor-widget-image\" data-id=\"544fa62\" data-element_type=\"widget\" data-e-type=\"widget\" data-widget_type=\"image.default\">\n\t\t\t\t\t\t\t\t\t\t\t\t\t\t\t<img decoding=\"async\" width=\"768\" height=\"768\" src=\"https:\/\/simfri.dk\/wp-content\/uploads\/2026\/04\/Skolemad-002-768x768.png\" class=\"attachment-medium_large size-medium_large wp-image-935\" alt=\"\" srcset=\"https:\/\/simfri.dk\/wp-content\/uploads\/2026\/04\/Skolemad-002-768x768.png 768w, https:\/\/simfri.dk\/wp-content\/uploads\/2026\/04\/Skolemad-002-300x300.png 300w, https:\/\/simfri.dk\/wp-content\/uploads\/2026\/04\/Skolemad-002-1024x1024.png 1024w, https:\/\/simfri.dk\/wp-content\/uploads\/2026\/04\/Skolemad-002-150x150.png 150w, https:\/\/simfri.dk\/wp-content\/uploads\/2026\/04\/Skolemad-002-1536x1536.png 1536w, https:\/\/simfri.dk\/wp-content\/uploads\/2026\/04\/Skolemad-002-2048x2048.png 2048w, https:\/\/simfri.dk\/wp-content\/uploads\/2026\/04\/Skolemad-002-230x230.png 230w, https:\/\/simfri.dk\/wp-content\/uploads\/2026\/04\/Skolemad-002-380x380.png 380w\" sizes=\"(max-width: 768px) 100vw, 768px\" \/>\t\t\t\t\t\t\t\t\t\t\t\t\t\t\t<\/div>\n\t\t\t\t\t<\/div>\n\t\t<\/div>\n\t\t\t\t\t<\/div>\n\t\t<\/section>\n\t\t\t\t<section class=\"elementor-section elementor-top-section elementor-element elementor-element-1906c83 elementor-section-boxed elementor-section-height-default elementor-section-height-default\" data-id=\"1906c83\" data-element_type=\"section\" data-e-type=\"section\">\n\t\t\t\t\t\t<div class=\"elementor-container elementor-column-gap-default\">\n\t\t\t\t\t<div class=\"elementor-column elementor-col-100 elementor-top-column elementor-element elementor-element-2833772\" data-id=\"2833772\" data-element_type=\"column\" data-e-type=\"column\">\n\t\t\t<div class=\"elementor-widget-wrap elementor-element-populated\">\n\t\t\t\t\t\t<div class=\"elementor-element elementor-element-e177304 elementor-widget elementor-widget-seosight_title\" data-id=\"e177304\" data-element_type=\"widget\" data-e-type=\"widget\" data-widget_type=\"seosight_title.default\">\n\t\t\t\t<div class=\"elementor-widget-container\">\n\t\t\t\t\t\t\t<header class=\"crumina-module crumina-heading align-left\" >\n\t\t\t\t\t\t<div class=\"title-text-wrap\">\n\t\t    \t<h2 class=\"heading-title\">\n\t\t\t\t\tGratis skolemad p\u00e5 Simmersted Friskole giver en sund hverdag\t\t\t\t<\/h2>\n\t\t\t\t\t\t    <\/div>\n\t\t\t<div class=\"heading-decoration\">\t\t    <span class=\"first\"><\/span><span class=\"second\"><\/span>\n\t\t\t<\/div>\t\t        <div class=\"h5 heading-text\">P\u00e5 SimFri har vi stor fokus p\u00e5 sundhed og bev\u00e6gelse som vi mener giver vores b\u00f8rn det bedste afs\u00e6t for trivsel og l\u00e6ring. \nAt spise sammen styrker det positive f\u00e6llesskab og er meget mere end 'bare' maden.\nVi er derfor meget glade for at kunne tilbyde vores elever en sund og varieret kost hver dag - lavet med k\u00e6rlighed fra vores helt egen kok Rikke<\/div>\n\t\t\t\t\t<\/header>\n\t\t\t\t\t\t<\/div>\n\t\t\t\t<\/div>\n\t\t\t\t\t<\/div>\n\t\t<\/div>\n\t\t\t\t\t<\/div>\n\t\t<\/section>\n\t\t\t\t<section class=\"elementor-section elementor-top-section elementor-element elementor-element-66de8e6 elementor-section-full_width elementor-section-stretched elementor-section-height-default elementor-section-height-default\" data-id=\"66de8e6\" data-element_type=\"section\" data-e-type=\"section\" data-settings=\"{&quot;stretch_section&quot;:&quot;section-stretched&quot;,&quot;background_background&quot;:&quot;classic&quot;}\">\n\t\t\t\t\t\t<div class=\"elementor-container elementor-column-gap-default\">\n\t\t\t\t\t<div class=\"elementor-column elementor-col-100 elementor-top-column elementor-element elementor-element-9f66b59\" data-id=\"9f66b59\" data-element_type=\"column\" data-e-type=\"column\">\n\t\t\t<div class=\"elementor-widget-wrap elementor-element-populated\">\n\t\t\t\t\t\t<div class=\"elementor-element elementor-element-5bdca57 elementor-widget elementor-widget-text-editor\" data-id=\"5bdca57\" data-element_type=\"widget\" data-e-type=\"widget\" data-widget_type=\"text-editor.default\">\n\t\t\t\t\t\t\t\t\t<h4>SimFri er et trygt univers med plads til l\u00e6ring, leg og f\u00e6llesskab &#8211; fra vuggestuestart til b\u00f8rnehave og helt til man afslutter sin skolegang<\/h4>\t\t\t\t\t\t\t\t<\/div>\n\t\t\t\t<div class=\"elementor-element elementor-element-8f9a6ae elementor-align-center elementor-widget elementor-widget-button\" data-id=\"8f9a6ae\" data-element_type=\"widget\" data-e-type=\"widget\" data-widget_type=\"button.default\">\n\t\t\t\t\t\t\t\t\t\t<a class=\"elementor-button elementor-button-link elementor-size-md\" href=\"http:\/\/simfri.dk\/index.php\/ny-elev\/\">\n\t\t\t\t\t\t<span class=\"elementor-button-content-wrapper\">\n\t\t\t\t\t\t\t\t\t<span class=\"elementor-button-text\">Se mere her<\/span>\n\t\t\t\t\t<\/span>\n\t\t\t\t\t<\/a>\n\t\t\t\t\t\t\t\t<\/div>\n\t\t\t\t\t<\/div>\n\t\t<\/div>\n\t\t\t\t\t<\/div>\n\t\t<\/section>\n\t\t<div class=\"elementor-element elementor-element-06e44f8 e-flex e-con-boxed e-con e-parent\" data-id=\"06e44f8\" data-element_type=\"container\" data-e-type=\"container\">\n\t\t\t\t\t<div class=\"e-con-inner\">\n\t\t\t\t<div class=\"elementor-element elementor-element-f49a13d elementor-widget elementor-widget-spacer\" data-id=\"f49a13d\" data-element_type=\"widget\" data-e-type=\"widget\" data-widget_type=\"spacer.default\">\n\t\t\t\t\t\t\t<div class=\"elementor-spacer\">\n\t\t\t<div class=\"elementor-spacer-inner\"><\/div>\n\t\t<\/div>\n\t\t\t\t\t\t<\/div>\n\t\t\t\t\t<\/div>\n\t\t\t\t<\/div>\n\t\t\t\t<section class=\"elementor-section elementor-top-section elementor-element elementor-element-e89eec5 elementor-section-boxed elementor-section-height-default elementor-section-height-default\" data-id=\"e89eec5\" data-element_type=\"section\" data-e-type=\"section\">\n\t\t\t\t\t\t<div class=\"elementor-container elementor-column-gap-default\">\n\t\t\t\t\t<div class=\"elementor-column elementor-col-50 elementor-top-column elementor-element elementor-element-6f75a94\" data-id=\"6f75a94\" data-element_type=\"column\" data-e-type=\"column\">\n\t\t\t<div class=\"elementor-widget-wrap elementor-element-populated\">\n\t\t\t\t\t\t<div class=\"elementor-element elementor-element-267ce4f elementor-widget elementor-widget-text-editor\" data-id=\"267ce4f\" data-element_type=\"widget\" data-e-type=\"widget\" data-widget_type=\"text-editor.default\">\n\t\t\t\t\t\t\t\t\t<p class=\"p1\"><strong>SimFri v\u00e6rdier<\/strong><\/p><p>\u25cf Morgensang &#8211; forpligtende f\u00e6llesskab, n\u00e6rv\u00e6r og samh\u00f8righed\u00a0<\/p><p class=\"p1\">\u25cf bev\u00e6gelse og sundhed, leg samt natur, udeliv og kreativitet\u00a0<\/p><p class=\"p1\">\u25cf Ordentlighed &#8211; respekt, opf\u00f8rsel, sprog, anerkendende tilgang<\/p>\t\t\t\t\t\t\t\t<\/div>\n\t\t\t\t\t<\/div>\n\t\t<\/div>\n\t\t\t\t<div class=\"elementor-column elementor-col-50 elementor-top-column elementor-element elementor-element-31e4456\" data-id=\"31e4456\" data-element_type=\"column\" data-e-type=\"column\">\n\t\t\t<div class=\"elementor-widget-wrap elementor-element-populated\">\n\t\t\t\t\t\t<div class=\"elementor-element elementor-element-745c04c elementor-widget elementor-widget-text-editor\" data-id=\"745c04c\" data-element_type=\"widget\" data-e-type=\"widget\" data-widget_type=\"text-editor.default\">\n\t\t\t\t\t\t\t\t\t<p class=\"p1\">\u25cf N\u00e6rhed og tryghed ved at v\u00e6re i sm\u00e5 enheder, men kendskab til mange<\/p>\n<p class=\"p1\">\u25cf Glidende og naturlige overgange mellem vuggestue, b\u00f8rnehave og skole\/SFO<\/p>\n<p class=\"p1\">\u25cf Positivt for\u00e6ldresamarbejde<\/p>\n<p class=\"p1\">\u25cf Engagerede l\u00e6rere og personale<\/p>\t\t\t\t\t\t\t\t<\/div>\n\t\t\t\t\t<\/div>\n\t\t<\/div>\n\t\t\t\t\t<\/div>\n\t\t<\/section>\n\t\t\t\t<section class=\"elementor-section elementor-top-section elementor-element elementor-element-86cf152 elementor-section-stretched elementor-section-boxed elementor-section-height-default elementor-section-height-default\" data-id=\"86cf152\" data-element_type=\"section\" data-e-type=\"section\" data-settings=\"{&quot;stretch_section&quot;:&quot;section-stretched&quot;,&quot;background_background&quot;:&quot;classic&quot;}\">\n\t\t\t\t\t\t<div class=\"elementor-container elementor-column-gap-default\">\n\t\t\t\t\t<div class=\"elementor-column elementor-col-50 elementor-top-column elementor-element elementor-element-b25826f\" data-id=\"b25826f\" data-element_type=\"column\" data-e-type=\"column\">\n\t\t\t<div class=\"elementor-widget-wrap elementor-element-populated\">\n\t\t\t\t\t\t<div class=\"elementor-element elementor-element-a023877 elementor-widget elementor-widget-seosight_title\" data-id=\"a023877\" data-element_type=\"widget\" data-e-type=\"widget\" data-widget_type=\"seosight_title.default\">\n\t\t\t\t<div class=\"elementor-widget-container\">\n\t\t\t\t\t\t\t<header class=\"crumina-module crumina-heading align-center\" >\n\t\t\t\t\t\t<div class=\"title-text-wrap\">\n\t\t    \t<h2 class=\"heading-title\">\n\t\t\t\t\tF\u00f8lg med i vores nye koncept \t\t\t\t<\/h2>\n\t\t\t\t\t\t    <\/div>\n\t\t\t<div class=\"heading-decoration\">\t\t    <span class=\"first\"><\/span><span class=\"second\"><\/span>\n\t\t\t<\/div>\t\t        <div class=\"h5 heading-text\">Fra skole\u00e5ret 2026\/27 opretter vi sportslinjer for vores elever fra 6. klasse og op. <\/div>\n\t\t\t\t\t<\/header>\n\t\t\t\t\t\t<\/div>\n\t\t\t\t<\/div>\n\t\t\t\t\t<\/div>\n\t\t<\/div>\n\t\t\t\t<div class=\"elementor-column elementor-col-50 elementor-top-column elementor-element elementor-element-8ae8490\" data-id=\"8ae8490\" data-element_type=\"column\" data-e-type=\"column\">\n\t\t\t<div class=\"elementor-widget-wrap elementor-element-populated\">\n\t\t\t\t\t\t<div class=\"elementor-element elementor-element-05aa413 elementor-widget elementor-widget-image\" data-id=\"05aa413\" data-element_type=\"widget\" data-e-type=\"widget\" data-widget_type=\"image.default\">\n\t\t\t\t\t\t\t\t\t\t\t\t\t\t\t<img decoding=\"async\" width=\"144\" height=\"300\" src=\"https:\/\/simfri.dk\/wp-content\/uploads\/2026\/04\/Danserinde-002-144x300.png\" class=\"attachment-medium size-medium wp-image-931\" alt=\"\" srcset=\"https:\/\/simfri.dk\/wp-content\/uploads\/2026\/04\/Danserinde-002-144x300.png 144w, https:\/\/simfri.dk\/wp-content\/uploads\/2026\/04\/Danserinde-002-493x1024.png 493w, https:\/\/simfri.dk\/wp-content\/uploads\/2026\/04\/Danserinde-002-768x1596.png 768w, https:\/\/simfri.dk\/wp-content\/uploads\/2026\/04\/Danserinde-002-739x1536.png 739w, https:\/\/simfri.dk\/wp-content\/uploads\/2026\/04\/Danserinde-002-985x2048.png 985w, https:\/\/simfri.dk\/wp-content\/uploads\/2026\/04\/Danserinde-002.png 1137w\" sizes=\"(max-width: 144px) 100vw, 144px\" \/>\t\t\t\t\t\t\t\t\t\t\t\t\t\t\t<\/div>\n\t\t\t\t\t<\/div>\n\t\t<\/div>\n\t\t\t\t\t<\/div>\n\t\t<\/section>\n\t\t\t\t<section class=\"elementor-section elementor-top-section elementor-element elementor-element-6515af4 elementor-section-boxed elementor-section-height-default elementor-section-height-default\" data-id=\"6515af4\" data-element_type=\"section\" data-e-type=\"section\" data-settings=\"{&quot;background_background&quot;:&quot;classic&quot;}\">\n\t\t\t\t\t\t<div class=\"elementor-container elementor-column-gap-default\">\n\t\t\t\t\t<div class=\"elementor-column elementor-col-25 elementor-top-column elementor-element elementor-element-96015cb\" data-id=\"96015cb\" data-element_type=\"column\" data-e-type=\"column\">\n\t\t\t<div class=\"elementor-widget-wrap elementor-element-populated\">\n\t\t\t\t\t\t<div class=\"elementor-element elementor-element-1bb47b3 elementor-widget elementor-widget-seosight_counter\" data-id=\"1bb47b3\" data-element_type=\"widget\" data-e-type=\"widget\" data-widget_type=\"seosight_counter.default\">\n\t\t\t\t<div class=\"elementor-widget-container\">\n\t\t\t\t\t\t\t<div class=\"crumina-module crumina-counter-item counter-item-modern\" align=\"center\">\n\t\t    \t\t    <div class=\"counter-numbers counter\">\n\t\t        <span data-to=\"127\">127<\/span>\n\t\t        \t\t    <\/div>\n\t\t    <h5 class=\"counter-title\">b\u00f8rn<\/h5>\t\t    \t\t<\/div>\n\t\t<style>.es-icon-2:before{font-family: inherit;}<\/style>\n\t\t\t\t\t\t<\/div>\n\t\t\t\t<\/div>\n\t\t\t\t\t<\/div>\n\t\t<\/div>\n\t\t\t\t<div class=\"elementor-column elementor-col-25 elementor-top-column elementor-element elementor-element-9ff09cd\" data-id=\"9ff09cd\" data-element_type=\"column\" data-e-type=\"column\">\n\t\t\t<div class=\"elementor-widget-wrap elementor-element-populated\">\n\t\t\t\t\t\t<div class=\"elementor-element elementor-element-fe332f9 elementor-widget elementor-widget-seosight_counter\" data-id=\"fe332f9\" data-element_type=\"widget\" data-e-type=\"widget\" data-widget_type=\"seosight_counter.default\">\n\t\t\t\t<div class=\"elementor-widget-container\">\n\t\t\t\t\t\t\t<div class=\"crumina-module crumina-counter-item counter-item-modern\" align=\"center\">\n\t\t    \t\t    <div class=\"counter-numbers counter\">\n\t\t        <span data-to=\"29\">29<\/span>\n\t\t        \t\t    <\/div>\n\t\t    <h5 class=\"counter-title\">ansatte<\/h5>\t\t    \t\t<\/div>\n\t\t<style>.es-icon-2:before{font-family: inherit;}<\/style>\n\t\t\t\t\t\t<\/div>\n\t\t\t\t<\/div>\n\t\t\t\t\t<\/div>\n\t\t<\/div>\n\t\t\t\t<div class=\"elementor-column elementor-col-25 elementor-top-column elementor-element elementor-element-a929014\" data-id=\"a929014\" data-element_type=\"column\" data-e-type=\"column\">\n\t\t\t<div class=\"elementor-widget-wrap elementor-element-populated\">\n\t\t\t\t\t\t<div class=\"elementor-element elementor-element-be6a60b elementor-widget elementor-widget-seosight_counter\" data-id=\"be6a60b\" data-element_type=\"widget\" data-e-type=\"widget\" data-widget_type=\"seosight_counter.default\">\n\t\t\t\t<div class=\"elementor-widget-container\">\n\t\t\t\t\t\t\t<div class=\"crumina-module crumina-counter-item counter-item-modern\" align=\"center\">\n\t\t    \t\t    <div class=\"counter-numbers counter\">\n\t\t        <span data-to=\"16\">16<\/span>\n\t\t        \t\t    <\/div>\n\t\t    <h5 class=\"counter-title\">\u00e5r som friskole<\/h5>\t\t    \t\t<\/div>\n\t\t<style>.es-icon-2:before{font-family: inherit;}<\/style>\n\t\t\t\t\t\t<\/div>\n\t\t\t\t<\/div>\n\t\t\t\t\t<\/div>\n\t\t<\/div>\n\t\t\t\t<div class=\"elementor-column elementor-col-25 elementor-top-column elementor-element elementor-element-2a48423\" data-id=\"2a48423\" data-element_type=\"column\" data-e-type=\"column\">\n\t\t\t<div class=\"elementor-widget-wrap elementor-element-populated\">\n\t\t\t\t\t\t<div class=\"elementor-element elementor-element-f6ae216 elementor-widget elementor-widget-seosight_counter\" data-id=\"f6ae216\" data-element_type=\"widget\" data-e-type=\"widget\" data-widget_type=\"seosight_counter.default\">\n\t\t\t\t<div class=\"elementor-widget-container\">\n\t\t\t\t\t\t\t<div class=\"crumina-module crumina-counter-item counter-item-modern\" align=\"center\">\n\t\t    \t\t    <div class=\"counter-numbers counter\">\n\t\t        <span data-to=\"33168\">33168<\/span>\n\t\t        \t\t    <\/div>\n\t\t    <h5 class=\"counter-title\">spiste \u00f8kofrugter pr \u00e5r<\/h5>\t\t    \t\t<\/div>\n\t\t<style>.es-icon-2:before{font-family: inherit;}<\/style>\n\t\t\t\t\t\t<\/div>\n\t\t\t\t<\/div>\n\t\t\t\t\t<\/div>\n\t\t<\/div>\n\t\t\t\t\t<\/div>\n\t\t<\/section>\n\t\t\t\t<section class=\"elementor-section elementor-top-section elementor-element elementor-element-4dfdb4f elementor-section-boxed elementor-section-height-default elementor-section-height-default\" data-id=\"4dfdb4f\" data-element_type=\"section\" data-e-type=\"section\">\n\t\t\t\t\t\t<div class=\"elementor-container elementor-column-gap-default\">\n\t\t\t\t\t<div class=\"elementor-column elementor-col-100 elementor-top-column elementor-element elementor-element-e9e9e8b\" data-id=\"e9e9e8b\" data-element_type=\"column\" data-e-type=\"column\">\n\t\t\t<div class=\"elementor-widget-wrap elementor-element-populated\">\n\t\t\t\t\t\t<div class=\"elementor-element elementor-element-0c43755 elementor-widget elementor-widget-image\" data-id=\"0c43755\" data-element_type=\"widget\" data-e-type=\"widget\" data-widget_type=\"image.default\">\n\t\t\t\t\t\t\t\t\t\t\t\t\t\t\t<img loading=\"lazy\" decoding=\"async\" width=\"400\" height=\"200\" src=\"https:\/\/simfri.dk\/wp-content\/uploads\/2025\/12\/webbanner400X200-skolefrugt.webp\" class=\"attachment-medium_large size-medium_large wp-image-841\" alt=\"\" srcset=\"https:\/\/simfri.dk\/wp-content\/uploads\/2025\/12\/webbanner400X200-skolefrugt.webp 400w, https:\/\/simfri.dk\/wp-content\/uploads\/2025\/12\/webbanner400X200-skolefrugt-300x150.webp 300w\" sizes=\"(max-width: 400px) 100vw, 400px\" \/>\t\t\t\t\t\t\t\t\t\t\t\t\t\t\t<\/div>\n\t\t\t\t\t<\/div>\n\t\t<\/div>\n\t\t\t\t\t<\/div>\n\t\t<\/section>\n\t\t\t\t<\/div>\n\t\t","protected":false},"excerpt":{"rendered":"<p>Infom\u00f8de onsdag 6. maj 18.30 Kig forbi SimFri p\u00e5 onsdag 6. maj og h\u00f8r mere om vores nye sp\u00e6ndende udskoling. Sportslinjen starter fra kommende skole\u00e5r 2026\/27 for elever fra \u00e5rgang 2013 og 2014. Er du nysgerrig og vil gerne h\u00f8re mere? For\u00e6ldre og barn er meget velkommen 6. maj kl. 18.30\u00a0 SimFri, Simmersted Byvej 6, [&hellip;]<\/p>\n<\/p><div class=\"more-link\"><a href=\"https:\/\/simfri.dk\/\" class=\"btn btn-small btn--dark btn-hover-shadow\"><span class=\"text\">Continue Reading<\/span><i class=\"seoicon-right-arrow\"><\/i><\/a><\/div>","protected":false},"author":1,"featured_media":0,"parent":0,"menu_order":0,"comment_status":"closed","ping_status":"closed","template":"","meta":{"footnotes":""},"class_list":["post-23","page","type-page","status-publish","hentry"],"_links":{"self":[{"href":"https:\/\/simfri.dk\/index.php\/wp-json\/wp\/v2\/pages\/23","targetHints":{"allow":["GET"]}}],"collection":[{"href":"https:\/\/simfri.dk\/index.php\/wp-json\/wp\/v2\/pages"}],"about":[{"href":"https:\/\/simfri.dk\/index.php\/wp-json\/wp\/v2\/types\/page"}],"author":[{"embeddable":true,"href":"https:\/\/simfri.dk\/index.php\/wp-json\/wp\/v2\/users\/1"}],"replies":[{"embeddable":true,"href":"https:\/\/simfri.dk\/index.php\/wp-json\/wp\/v2\/comments?post=23"}],"version-history":[{"count":262,"href":"https:\/\/simfri.dk\/index.php\/wp-json\/wp\/v2\/pages\/23\/revisions"}],"predecessor-version":[{"id":1644,"href":"https:\/\/simfri.dk\/index.php\/wp-json\/wp\/v2\/pages\/23\/revisions\/1644"}],"wp:attachment":[{"href":"https:\/\/simfri.dk\/index.php\/wp-json\/wp\/v2\/media?parent=23"}],"curies":[{"name":"wp","href":"https:\/\/api.w.org\/{rel}","templated":true}]}}