{"id":1848,"date":"2026-05-03T09:33:38","date_gmt":"2026-05-03T09:33:38","guid":{"rendered":"https:\/\/simfri.dk\/?page_id=1848"},"modified":"2026-05-03T09:33:38","modified_gmt":"2026-05-03T09:33:38","slug":"om-bestyrelsen","status":"publish","type":"page","link":"https:\/\/simfri.dk\/index.php\/om-bestyrelsen\/","title":{"rendered":"Om Bestyrelsen"},"content":{"rendered":"\t\t<div data-elementor-type=\"wp-page\" data-elementor-id=\"1848\" class=\"elementor elementor-1848\" data-elementor-post-type=\"page\">\n\t\t\t\t\t\t<section class=\"elementor-section elementor-top-section elementor-element elementor-element-25bc1b3 elementor-section-boxed elementor-section-height-default elementor-section-height-default\" data-id=\"25bc1b3\" data-element_type=\"section\" data-e-type=\"section\">\n\t\t\t\t\t\t<div class=\"elementor-container elementor-column-gap-default\">\n\t\t\t\t\t<div class=\"elementor-column elementor-col-100 elementor-top-column elementor-element elementor-element-f637520\" data-id=\"f637520\" data-element_type=\"column\" data-e-type=\"column\">\n\t\t\t<div class=\"elementor-widget-wrap elementor-element-populated\">\n\t\t\t\t\t\t<div class=\"elementor-element elementor-element-d2d7034 elementor-widget elementor-widget-seosight_title\" data-id=\"d2d7034\" data-element_type=\"widget\" data-e-type=\"widget\" data-widget_type=\"seosight_title.default\">\n\t\t\t\t<div class=\"elementor-widget-container\">\n\t\t\t\t\t\t\t<header class=\"crumina-module crumina-heading align-left\" >\n\t\t\t\t\t\t<div class=\"title-text-wrap\">\n\t\t    \t<h1 class=\"heading-title\">\n\t\t\t\t\tBestyrelsen\t\t\t\t<\/h1>\n\t\t\t\t\t\t    <\/div>\n\t\t\t<div class=\"heading-decoration\">\t\t    <span class=\"first\"><\/span><span class=\"second\"><\/span>\n\t\t\t<\/div>\t\t        <div class=\"h5 heading-text\">SimFri er en selvst\u00e6ndig, for\u00e6ldredrevet Fri- Vuggestue, B\u00f8rnehave og Skole. <\/div>\n\t\t\t\t\t<\/header>\n\t\t\t\t\t\t<\/div>\n\t\t\t\t<\/div>\n\t\t\t\t\t<\/div>\n\t\t<\/div>\n\t\t\t\t\t<\/div>\n\t\t<\/section>\n\t\t\t\t<section class=\"elementor-section elementor-top-section elementor-element elementor-element-daccab1 elementor-section-boxed elementor-section-height-default elementor-section-height-default\" data-id=\"daccab1\" data-element_type=\"section\" data-e-type=\"section\">\n\t\t\t\t\t\t<div class=\"elementor-container elementor-column-gap-default\">\n\t\t\t\t\t<div class=\"elementor-column elementor-col-50 elementor-top-column elementor-element elementor-element-62cd8ad\" data-id=\"62cd8ad\" data-element_type=\"column\" data-e-type=\"column\">\n\t\t\t<div class=\"elementor-widget-wrap elementor-element-populated\">\n\t\t\t\t\t\t<div class=\"elementor-element elementor-element-370cf12 elementor-widget elementor-widget-text-editor\" data-id=\"370cf12\" data-element_type=\"widget\" data-e-type=\"widget\" data-widget_type=\"text-editor.default\">\n\t\t\t\t\t\t\t\t\t<p>Dette indbefatter ogs\u00e5, at skolens \u00f8verste myndighed er en frivillig bestyrelse der bliver valgt p\u00e5 den \u00e5rlige generalforsamling.<\/p>\t\t\t\t\t\t\t\t<\/div>\n\t\t\t\t\t<\/div>\n\t\t<\/div>\n\t\t\t\t<div class=\"elementor-column elementor-col-50 elementor-top-column elementor-element elementor-element-c2375ef\" data-id=\"c2375ef\" data-element_type=\"column\" data-e-type=\"column\">\n\t\t\t<div class=\"elementor-widget-wrap elementor-element-populated\">\n\t\t\t\t\t\t<div class=\"elementor-element elementor-element-0213cfe elementor-widget elementor-widget-text-editor\" data-id=\"0213cfe\" data-element_type=\"widget\" data-e-type=\"widget\" data-widget_type=\"text-editor.default\">\n\t\t\t\t\t\t\t\t\t<p>De syv medlemmer er valgt fra enten for\u00e6ldrekredsen eller skolekredsen jf. vedt\u00e6gterne.<\/p>\t\t\t\t\t\t\t\t<\/div>\n\t\t\t\t\t<\/div>\n\t\t<\/div>\n\t\t\t\t\t<\/div>\n\t\t<\/section>\n\t\t<div class=\"elementor-element elementor-element-592c579 e-flex e-con-boxed e-con e-parent\" data-id=\"592c579\" data-element_type=\"container\" data-e-type=\"container\">\n\t\t\t\t\t<div class=\"e-con-inner\">\n\t\t\t\t<div class=\"elementor-element elementor-element-a88c869 elementor-widget elementor-widget-heading\" data-id=\"a88c869\" data-element_type=\"widget\" data-e-type=\"widget\" data-widget_type=\"heading.default\">\n\t\t\t\t\t<h2 class=\"elementor-heading-title elementor-size-default\">Medlemmer af Bestyrelsen<\/h2>\t\t\t\t<\/div>\n\t\t\t\t\t<\/div>\n\t\t\t\t<\/div>\n\t\t<div class=\"elementor-element elementor-element-83aee66 e-flex e-con-boxed e-con e-parent\" data-id=\"83aee66\" data-element_type=\"container\" data-e-type=\"container\">\n\t\t\t\t\t<div class=\"e-con-inner\">\n\t\t\t\t<div class=\"elementor-element elementor-element-f050c02 elementor-widget elementor-widget-text-editor\" data-id=\"f050c02\" data-element_type=\"widget\" data-e-type=\"widget\" data-widget_type=\"text-editor.default\">\n\t\t\t\t\t\t\t\t\t<p><strong>Formand<\/strong><\/p><p>Vibeke Callesen<\/p><p>Mobil: 5127 4370<\/p><p>Mail: <a href=\"mailto:callesen.vibeke@gmail.com\">callesen.vibeke@gmail.com<\/a><\/p><p><strong>N\u00e6stformand<\/strong><\/p><p>Martin Jensen<\/p><p>Mobil: 2869 4279<\/p><p>Mail: mj220282@hotmail.com<\/p><p><strong>Kasser<\/strong><\/p><p>Mia Wind<\/p><p>Mail: miawind93@gmail.com<\/p><p><strong>Sekret\u00e6r<\/strong><\/p><p>Marianne Bekker-S\u00f8berg<\/p><p>Mobil: 2289 3334<\/p><p>Mail: marianne.soeberg@gmail.com<\/p><p><strong>\u00d8vrige medlemmer<\/strong><\/p><p>Karina Stuckert<\/p><p>Ditte Roed S\u00f8rensen<\/p><p>Lene Paulsen<\/p>\t\t\t\t\t\t\t\t<\/div>\n\t\t\t\t\t<\/div>\n\t\t\t\t<\/div>\n\t\t\t\t<\/div>\n\t\t","protected":false},"excerpt":{"rendered":"<p>Bestyrelsen SimFri er en selvst\u00e6ndig, for\u00e6ldredrevet Fri- Vuggestue, B\u00f8rnehave og Skole. Dette indbefatter ogs\u00e5, at skolens \u00f8verste myndighed er en frivillig bestyrelse der bliver valgt p\u00e5 den \u00e5rlige generalforsamling. De syv medlemmer er valgt fra enten for\u00e6ldrekredsen eller skolekredsen jf. vedt\u00e6gterne. Medlemmer af Bestyrelsen Formand Vibeke Callesen Mobil: 5127 4370 Mail: callesen.vibeke@gmail.com N\u00e6stformand Martin Jensen [&hellip;]<\/p>\n<\/p><div class=\"more-link\"><a href=\"https:\/\/simfri.dk\/index.php\/om-bestyrelsen\/\" class=\"btn btn-small btn--dark btn-hover-shadow\"><span class=\"text\">Continue Reading<\/span><i class=\"seoicon-right-arrow\"><\/i><\/a><\/div>","protected":false},"author":1,"featured_media":0,"parent":0,"menu_order":50,"comment_status":"closed","ping_status":"closed","template":"","meta":{"footnotes":""},"class_list":["post-1848","page","type-page","status-publish","hentry"],"_links":{"self":[{"href":"https:\/\/simfri.dk\/index.php\/wp-json\/wp\/v2\/pages\/1848","targetHints":{"allow":["GET"]}}],"collection":[{"href":"https:\/\/simfri.dk\/index.php\/wp-json\/wp\/v2\/pages"}],"about":[{"href":"https:\/\/simfri.dk\/index.php\/wp-json\/wp\/v2\/types\/page"}],"author":[{"embeddable":true,"href":"https:\/\/simfri.dk\/index.php\/wp-json\/wp\/v2\/users\/1"}],"replies":[{"embeddable":true,"href":"https:\/\/simfri.dk\/index.php\/wp-json\/wp\/v2\/comments?post=1848"}],"version-history":[{"count":1,"href":"https:\/\/simfri.dk\/index.php\/wp-json\/wp\/v2\/pages\/1848\/revisions"}],"predecessor-version":[{"id":1849,"href":"https:\/\/simfri.dk\/index.php\/wp-json\/wp\/v2\/pages\/1848\/revisions\/1849"}],"wp:attachment":[{"href":"https:\/\/simfri.dk\/index.php\/wp-json\/wp\/v2\/media?parent=1848"}],"curies":[{"name":"wp","href":"https:\/\/api.w.org\/{rel}","templated":true}]}}