{"id":1764,"date":"2026-05-02T20:21:40","date_gmt":"2026-05-02T20:21:40","guid":{"rendered":"https:\/\/simfri.dk\/?page_id=1764"},"modified":"2026-05-02T20:25:41","modified_gmt":"2026-05-02T20:25:41","slug":"skolekreds-og-foraeldrekreds","status":"publish","type":"page","link":"https:\/\/simfri.dk\/index.php\/skolekreds-og-foraeldrekreds\/","title":{"rendered":"Skolekreds og For\u00e6ldrekreds"},"content":{"rendered":"\t\t<div data-elementor-type=\"wp-page\" data-elementor-id=\"1764\" class=\"elementor elementor-1764\" data-elementor-post-type=\"page\">\n\t\t\t\t\t\t<section class=\"elementor-section elementor-top-section elementor-element elementor-element-25bc1b3 elementor-section-boxed elementor-section-height-default elementor-section-height-default\" data-id=\"25bc1b3\" data-element_type=\"section\" data-e-type=\"section\">\n\t\t\t\t\t\t<div class=\"elementor-container elementor-column-gap-default\">\n\t\t\t\t\t<div class=\"elementor-column elementor-col-100 elementor-top-column elementor-element elementor-element-f637520\" data-id=\"f637520\" data-element_type=\"column\" data-e-type=\"column\">\n\t\t\t<div class=\"elementor-widget-wrap elementor-element-populated\">\n\t\t\t\t\t\t<div class=\"elementor-element elementor-element-d2d7034 elementor-widget elementor-widget-seosight_title\" data-id=\"d2d7034\" data-element_type=\"widget\" data-e-type=\"widget\" data-widget_type=\"seosight_title.default\">\n\t\t\t\t<div class=\"elementor-widget-container\">\n\t\t\t\t\t\t\t<header class=\"crumina-module crumina-heading align-left\" >\n\t\t\t\t\t\t<div class=\"title-text-wrap\">\n\t\t    \t<h1 class=\"heading-title\">\n\t\t\t\t\tSkolekreds og For\u00e6ldrekreds\t\t\t\t<\/h1>\n\t\t\t\t\t\t    <\/div>\n\t\t\t<div class=\"heading-decoration\">\t\t    <span class=\"first\"><\/span><span class=\"second\"><\/span>\n\t\t\t<\/div>\t\t<\/header>\n\t\t\t\t\t\t<\/div>\n\t\t\t\t<\/div>\n\t\t\t\t\t<\/div>\n\t\t<\/div>\n\t\t\t\t\t<\/div>\n\t\t<\/section>\n\t\t<div class=\"elementor-element elementor-element-83aee66 e-flex e-con-boxed e-con e-parent\" data-id=\"83aee66\" data-element_type=\"container\" data-e-type=\"container\">\n\t\t\t\t\t<div class=\"e-con-inner\">\n\t\t\t\t<div class=\"elementor-element elementor-element-f050c02 elementor-widget elementor-widget-text-editor\" data-id=\"f050c02\" data-element_type=\"widget\" data-e-type=\"widget\" data-widget_type=\"text-editor.default\">\n\t\t\t\t\t\t\t\t\t<div><b>For\u00e6ldrekreds<\/b><\/div><div>For\u00e6ldrekredsen udg\u00f8res af samtlige for\u00e6ldre som har b\u00f8rn i skolen. Skolen ligger v\u00e6gt p\u00e5, at der er en aktiv for\u00e6ldrekreds. Som for\u00e6ldre er man engageret i livet p\u00e5 skolen, og alle kan og skal yde en indsats. Alle for\u00e6ldre skal derfor yde en indsats p\u00e5 skolen i et omfang af 15 timer \u00e5rligt, som best\u00e5r af 2 hyggelige arbejdsdage som meldes ud i god tid hvert skole\u00e5r.<\/div><div>For\u00e6ldrene er altid velkommen p\u00e5 skolen.\u00a0<\/div><div>\u00a0<\/div><div><div><b>Skolekreds<\/b><\/div><div>Skolekredsen best\u00e5r af for\u00e6ldre og andre, der har interesse i skolen. Gennem et \u00e5rligt kontingent p\u00e5 50,- kr. pr. person, f\u00e5r man indkaldelse til den \u00e5rlige generalforsamling, hvor man har stemmeret, samt er valgbar. Som skolekredsmedlem er man ogs\u00e5 meget velkommen p\u00e5 skolen.<\/div><div>\u00a0<\/div><\/div><div><div><b>Ny skolekredsmedlem<\/b><\/div><div>Ved henvendelse til et bestyrelsesmedlem kan man blive medlem af skolekredsen. Bestyrelsen skal godkende nye medlemmer. Ans\u00f8gning om medlemskabet vil blive behandlet p\u00e5 det f\u00f8rst kommende bestyrelsesm\u00f8de.<\/div><\/div>\t\t\t\t\t\t\t\t<\/div>\n\t\t\t\t\t<\/div>\n\t\t\t\t<\/div>\n\t\t\t\t<\/div>\n\t\t","protected":false},"excerpt":{"rendered":"<p>Skolekreds og For\u00e6ldrekreds For\u00e6ldrekredsFor\u00e6ldrekredsen udg\u00f8res af samtlige for\u00e6ldre som har b\u00f8rn i skolen. Skolen ligger v\u00e6gt p\u00e5, at der er en aktiv for\u00e6ldrekreds. Som for\u00e6ldre er man engageret i livet p\u00e5 skolen, og alle kan og skal yde en indsats. Alle for\u00e6ldre skal derfor yde en indsats p\u00e5 skolen i et omfang af 15 timer [&hellip;]<\/p>\n<\/p><div class=\"more-link\"><a href=\"https:\/\/simfri.dk\/index.php\/skolekreds-og-foraeldrekreds\/\" class=\"btn btn-small btn--dark btn-hover-shadow\"><span class=\"text\">Continue Reading<\/span><i class=\"seoicon-right-arrow\"><\/i><\/a><\/div>","protected":false},"author":1,"featured_media":0,"parent":0,"menu_order":50,"comment_status":"closed","ping_status":"closed","template":"","meta":{"footnotes":""},"class_list":["post-1764","page","type-page","status-publish","hentry"],"_links":{"self":[{"href":"https:\/\/simfri.dk\/index.php\/wp-json\/wp\/v2\/pages\/1764","targetHints":{"allow":["GET"]}}],"collection":[{"href":"https:\/\/simfri.dk\/index.php\/wp-json\/wp\/v2\/pages"}],"about":[{"href":"https:\/\/simfri.dk\/index.php\/wp-json\/wp\/v2\/types\/page"}],"author":[{"embeddable":true,"href":"https:\/\/simfri.dk\/index.php\/wp-json\/wp\/v2\/users\/1"}],"replies":[{"embeddable":true,"href":"https:\/\/simfri.dk\/index.php\/wp-json\/wp\/v2\/comments?post=1764"}],"version-history":[{"count":14,"href":"https:\/\/simfri.dk\/index.php\/wp-json\/wp\/v2\/pages\/1764\/revisions"}],"predecessor-version":[{"id":1778,"href":"https:\/\/simfri.dk\/index.php\/wp-json\/wp\/v2\/pages\/1764\/revisions\/1778"}],"wp:attachment":[{"href":"https:\/\/simfri.dk\/index.php\/wp-json\/wp\/v2\/media?parent=1764"}],"curies":[{"name":"wp","href":"https:\/\/api.w.org\/{rel}","templated":true}]}}