{"id":1689,"date":"2026-05-02T19:19:45","date_gmt":"2026-05-02T19:19:45","guid":{"rendered":"https:\/\/simfri.dk\/?page_id=1689"},"modified":"2026-05-02T19:33:40","modified_gmt":"2026-05-02T19:33:40","slug":"fri-for-mobberi","status":"publish","type":"page","link":"https:\/\/simfri.dk\/index.php\/fri-for-mobberi\/","title":{"rendered":"Fri for Mobberi"},"content":{"rendered":"\t\t<div data-elementor-type=\"wp-page\" data-elementor-id=\"1689\" class=\"elementor elementor-1689\" data-elementor-post-type=\"page\">\n\t\t\t\t\t\t<section class=\"elementor-section elementor-top-section elementor-element elementor-element-9a822dd elementor-section-boxed elementor-section-height-default elementor-section-height-default\" data-id=\"9a822dd\" data-element_type=\"section\" data-e-type=\"section\">\n\t\t\t\t\t\t<div class=\"elementor-container elementor-column-gap-default\">\n\t\t\t\t\t<div class=\"elementor-column elementor-col-100 elementor-top-column elementor-element elementor-element-d3dbba3\" data-id=\"d3dbba3\" data-element_type=\"column\" data-e-type=\"column\">\n\t\t\t<div class=\"elementor-widget-wrap elementor-element-populated\">\n\t\t\t\t\t\t<div class=\"elementor-element elementor-element-475b633 elementor-widget elementor-widget-seosight_title\" data-id=\"475b633\" data-element_type=\"widget\" data-e-type=\"widget\" data-widget_type=\"seosight_title.default\">\n\t\t\t\t<div class=\"elementor-widget-container\">\n\t\t\t\t\t\t\t<header class=\"crumina-module crumina-heading align-left\" >\n\t\t\t\t\t\t<div class=\"title-text-wrap\">\n\t\t    \t<h1 class=\"heading-title\">\n\t\t\t\t\tFri for Mobberi\t\t\t\t<\/h1>\n\t\t\t\t\t\t    <\/div>\n\t\t\t<div class=\"heading-decoration\">\t\t    <span class=\"first\"><\/span><span class=\"second\"><\/span>\n\t\t\t<\/div>\t\t        <div class=\"h5 heading-text\">Tolerance og respekt for hinanden er kernen til det sunde f\u00e6llesskab<\/div>\n\t\t\t\t\t<\/header>\n\t\t\t\t\t\t<\/div>\n\t\t\t\t<\/div>\n\t\t\t\t\t<\/div>\n\t\t<\/div>\n\t\t\t\t\t<\/div>\n\t\t<\/section>\n\t\t<div class=\"elementor-element elementor-element-18f59f6 e-flex e-con-boxed e-con e-parent\" data-id=\"18f59f6\" data-element_type=\"container\" data-e-type=\"container\">\n\t\t\t\t\t<div class=\"e-con-inner\">\n\t\t\t\t<div class=\"elementor-element elementor-element-62120ee elementor-widget elementor-widget-text-editor\" data-id=\"62120ee\" data-element_type=\"widget\" data-e-type=\"widget\" data-widget_type=\"text-editor.default\">\n\t\t\t\t\t\t\t\t\t<p><strong>Vi arbejder med Fri for Mobberi<\/strong> \u2013 et p\u00e6dagogisk redskab, som via samtale,<br \/>leg, massage og rytmik styrker b\u00f8rnenes trivsel og venskaber.<br \/>Ikke fordi vi har problemer med mobning, men fordi b\u00f8rnegrupper er en<br \/>dynamisk st\u00f8rrelse, og det betyder, at vi hele tiden skal have fokus p\u00e5 at sikre<br \/>et trygt og rummeligt b\u00f8rnef\u00e6llesskab med plads til alle.<br \/>Fri for Mobberi udstyrer b\u00f8rnene med et s\u00e6t sociale spilleregler og redskaber,<br \/>s\u00e5 de \u2013 efterh\u00e5nden \u2013 ogs\u00e5 selv kan v\u00e6re med til at h\u00e5ndtere udelukkelser og<br \/>mobning. B\u00e5de hvis det overg\u00e5r dem selv, eller hvis de ser, at et andet barn er<br \/>i knibe.<\/p><p><strong>Ambitionen med Fri for Mobberi er<\/strong><\/p><p>\uf0a7 at b\u00f8rnef\u00e6llesskabet hos os er pr\u00e6get af tolerance og respekt<br \/>\uf0a7 at skabe en kultur, hvor b\u00f8rn viser omsorg for hinanden<br \/>\uf0a7 at b\u00f8rnene l\u00e6rer at reagere p\u00e5 drillerier og mobning<br \/>\uf0a7 at aktivere de mange passive tilskuere til mobning og give dem modet<br \/>til at gribe ind og forsvare kammerater<\/p><p><strong>Det virker<\/strong><\/p><p>Unders\u00f8gelser viser, at fagfolk oplever, at Fri for Mobberi g\u00f8r b\u00f8rnene mere<br \/>omsorgsfulde, og at mange oplever, at de bruger mindre tid p\u00e5 at l\u00f8se<br \/>konflikter, n\u00e5r b\u00f8rnene kender til Fri for Mobberi.<\/p><p><strong>En kuffert med p\u00e6dagogiske redskaber<\/strong><\/p><p>Fri for Mobberi best\u00e5r af en kuffert med p\u00e6dagogiske materialer \u2013 herunder<br \/>et rytmik- og massageprogram, maskotten Bamseven, samtaletavler og b\u00f8ger<br \/>\u2013 s\u00e5 v\u00e6rdierne tolerance, respekt, omsorg og mod<br \/>leges og tales ind i b\u00f8rnenes hverdag. Vi bruger<br \/>materialerne l\u00f8bende og p\u00e5 Fri for Mobberib\u00f8rnem\u00f8der.<\/p><p><strong>Bamseven<\/strong><\/p><p>I vil komme til at stifte bekendtskab med<br \/>www.friformobberi.dk<br \/>Bamseven, Fri for Mobberis maskot, der<br \/>symboliserer tryghed og venskab \u2013 og skal<br \/>minde b\u00f8rnene om at passe godt p\u00e5<br \/>hinanden og at v\u00e6re en god kammerat.<br \/>Bamseven findes i en stor udgave i Fri for<br \/>Mobberi-kufferten og i en lille udgave,<br \/>som b\u00f8rnene f\u00e5r hver is\u00e6r.<\/p><p><strong>L\u00e6s mere<\/strong><\/p><p>I kan l\u00e6se mere om Fri for Mobberi p\u00e5 friformobberi.dk. Her er ogs\u00e5 et<br \/>b\u00f8rneunivers, hvor I sammen med jeres barn kan spille spil og lege med<br \/>Bamseven. I finder ogs\u00e5 Fri for Mobberi p\u00e5 facebook.com\/friformobberi og p\u00e5<br \/>Instagram @friformobberi.<\/p><p><strong>I er vigtige<\/strong><\/p><p>Effekten af vores trivselsarbejde er ogs\u00e5 afh\u00e6ngig af jer. Som for\u00e6ldre er I<br \/>vigtige rollemodeller, og vi h\u00e5ber, at I vil bakke op om vores arbejde med Fri<br \/>for Mobberi.<\/p><p><strong>Sp\u00f8rgsm\u00e5l?<\/strong><\/p><p>Er i nysgerrige eller i tvivl, kan i altid kontakte en af p\u00e6dagogerne eller ledelsen i vuggestuen og b\u00f8rnehaven for at h\u00f8re mere om Fri for Mobberi og om hvordan det bruges i vores hverdag.<\/p><p>Fri for mobberi er skabt i samarbejde med Mary Fonden og Red Barnet<\/p>\t\t\t\t\t\t\t\t<\/div>\n\t\t\t\t\t<\/div>\n\t\t\t\t<\/div>\n\t\t<div class=\"elementor-element elementor-element-770bee7 e-grid e-con-boxed e-con e-parent\" data-id=\"770bee7\" data-element_type=\"container\" data-e-type=\"container\">\n\t\t\t\t\t<div class=\"e-con-inner\">\n\t\t\t\t<div class=\"elementor-element elementor-element-01feb9b elementor-widget elementor-widget-image\" data-id=\"01feb9b\" data-element_type=\"widget\" data-e-type=\"widget\" data-widget_type=\"image.default\">\n\t\t\t\t\t\t\t\t\t\t\t\t\t\t\t<img decoding=\"async\" width=\"358\" height=\"130\" src=\"https:\/\/simfri.dk\/wp-content\/uploads\/2026\/05\/MF-DK_DIGITAL-LOGO_RGB.svg\" class=\"attachment-large size-large wp-image-1695\" alt=\"\" \/>\t\t\t\t\t\t\t\t\t\t\t\t\t\t\t<\/div>\n\t\t\t\t<div class=\"elementor-element elementor-element-544e9fe elementor-widget elementor-widget-image\" data-id=\"544e9fe\" data-element_type=\"widget\" data-e-type=\"widget\" data-widget_type=\"image.default\">\n\t\t\t\t\t\t\t\t\t\t\t\t\t\t\t<img fetchpriority=\"high\" decoding=\"async\" width=\"810\" height=\"290\" src=\"https:\/\/simfri.dk\/wp-content\/uploads\/2026\/05\/logo.svg\" class=\"attachment-large size-large wp-image-1693\" alt=\"\" \/>\t\t\t\t\t\t\t\t\t\t\t\t\t\t\t<\/div>\n\t\t\t\t\t<\/div>\n\t\t\t\t<\/div>\n\t\t\t\t<\/div>\n\t\t","protected":false},"excerpt":{"rendered":"<p>Fri for Mobberi Tolerance og respekt for hinanden er kernen til det sunde f\u00e6llesskab Vi arbejder med Fri for Mobberi \u2013 et p\u00e6dagogisk redskab, som via samtale,leg, massage og rytmik styrker b\u00f8rnenes trivsel og venskaber.Ikke fordi vi har problemer med mobning, men fordi b\u00f8rnegrupper er endynamisk st\u00f8rrelse, og det betyder, at vi hele tiden skal [&hellip;]<\/p>\n<\/p><div class=\"more-link\"><a href=\"https:\/\/simfri.dk\/index.php\/fri-for-mobberi\/\" class=\"btn btn-small btn--dark btn-hover-shadow\"><span class=\"text\">Continue Reading<\/span><i class=\"seoicon-right-arrow\"><\/i><\/a><\/div>","protected":false},"author":1,"featured_media":0,"parent":0,"menu_order":60,"comment_status":"closed","ping_status":"closed","template":"","meta":{"footnotes":""},"class_list":["post-1689","page","type-page","status-publish","hentry"],"_links":{"self":[{"href":"https:\/\/simfri.dk\/index.php\/wp-json\/wp\/v2\/pages\/1689","targetHints":{"allow":["GET"]}}],"collection":[{"href":"https:\/\/simfri.dk\/index.php\/wp-json\/wp\/v2\/pages"}],"about":[{"href":"https:\/\/simfri.dk\/index.php\/wp-json\/wp\/v2\/types\/page"}],"author":[{"embeddable":true,"href":"https:\/\/simfri.dk\/index.php\/wp-json\/wp\/v2\/users\/1"}],"replies":[{"embeddable":true,"href":"https:\/\/simfri.dk\/index.php\/wp-json\/wp\/v2\/comments?post=1689"}],"version-history":[{"count":22,"href":"https:\/\/simfri.dk\/index.php\/wp-json\/wp\/v2\/pages\/1689\/revisions"}],"predecessor-version":[{"id":1718,"href":"https:\/\/simfri.dk\/index.php\/wp-json\/wp\/v2\/pages\/1689\/revisions\/1718"}],"wp:attachment":[{"href":"https:\/\/simfri.dk\/index.php\/wp-json\/wp\/v2\/media?parent=1689"}],"curies":[{"name":"wp","href":"https:\/\/api.w.org\/{rel}","templated":true}]}}