{"id":1286,"date":"2026-04-18T19:59:07","date_gmt":"2026-04-18T19:59:07","guid":{"rendered":"https:\/\/simfri.dk\/?page_id=1286"},"modified":"2026-05-05T15:16:57","modified_gmt":"2026-05-05T15:16:57","slug":"danselinjen","status":"publish","type":"page","link":"https:\/\/simfri.dk\/index.php\/danselinjen\/","title":{"rendered":"Danselinjen"},"content":{"rendered":"\t\t<div data-elementor-type=\"wp-page\" data-elementor-id=\"1286\" class=\"elementor elementor-1286\" data-elementor-post-type=\"page\">\n\t\t\t\t\t\t<section class=\"elementor-section elementor-top-section elementor-element elementor-element-52ae916c elementor-section-boxed elementor-section-height-default elementor-section-height-default\" data-id=\"52ae916c\" data-element_type=\"section\" data-e-type=\"section\">\n\t\t\t\t\t\t<div class=\"elementor-container elementor-column-gap-default\">\n\t\t\t\t\t<div class=\"elementor-column elementor-col-100 elementor-top-column elementor-element elementor-element-ecc0c68\" data-id=\"ecc0c68\" data-element_type=\"column\" data-e-type=\"column\">\n\t\t\t<div class=\"elementor-widget-wrap elementor-element-populated\">\n\t\t\t\t\t\t<div class=\"elementor-element elementor-element-e4ed9a0 elementor-widget elementor-widget-seosight_title\" data-id=\"e4ed9a0\" data-element_type=\"widget\" data-e-type=\"widget\" data-widget_type=\"seosight_title.default\">\n\t\t\t\t<div class=\"elementor-widget-container\">\n\t\t\t\t\t\t\t<header class=\"crumina-module crumina-heading align-left\" >\n\t\t\t\t\t\t<div class=\"title-text-wrap\">\n\t\t    \t<h1 class=\"heading-title\">\n\t\t\t\t\tDanselinjen \t\t\t\t<\/h1>\n\t\t\t\t\t\t    <\/div>\n\t\t\t<div class=\"heading-decoration\">\t\t    <span class=\"first\"><\/span><span class=\"second\"><\/span>\n\t\t\t<\/div>\t\t        <div class=\"h5 heading-text\">En perfekt mulighed for at dygtigg\u00f8re sig og give den fuld gas p\u00e5 gulvet flere gange om ugen<\/div>\n\t\t\t\t\t<\/header>\n\t\t\t\t\t\t<\/div>\n\t\t\t\t<\/div>\n\t\t\t\t\t<\/div>\n\t\t<\/div>\n\t\t\t\t\t<\/div>\n\t\t<\/section>\n\t\t<div class=\"elementor-element elementor-element-89fafc1 e-flex e-con-boxed e-con e-parent\" data-id=\"89fafc1\" data-element_type=\"container\" data-e-type=\"container\">\n\t\t\t\t\t<div class=\"e-con-inner\">\n\t\t\t\t<div class=\"elementor-element elementor-element-8c16ece elementor--h-position-center elementor--v-position-middle elementor-arrows-position-inside elementor-pagination-position-inside elementor-widget elementor-widget-slides\" data-id=\"8c16ece\" data-element_type=\"widget\" data-e-type=\"widget\" data-settings=\"{&quot;navigation&quot;:&quot;both&quot;,&quot;autoplay&quot;:&quot;yes&quot;,&quot;pause_on_hover&quot;:&quot;yes&quot;,&quot;pause_on_interaction&quot;:&quot;yes&quot;,&quot;autoplay_speed&quot;:5000,&quot;infinite&quot;:&quot;yes&quot;,&quot;transition&quot;:&quot;slide&quot;,&quot;transition_speed&quot;:500}\" data-widget_type=\"slides.default\">\n\t\t\t\t\t\t\t\t\t\t<div class=\"elementor-slides-wrapper elementor-main-swiper swiper\" role=\"region\" aria-roledescription=\"carousel\" aria-label=\"\" dir=\"ltr\" data-animation=\"fadeInUp\">\n\t\t\t\t<div class=\"swiper-wrapper elementor-slides\">\n\t\t\t\t\t\t\t\t\t\t<div class=\"elementor-repeater-item-0404c36 swiper-slide\" role=\"group\" aria-roledescription=\"slide\"><div class=\"swiper-slide-bg\" role=\"img\" aria-label=\"Danserinde (002)\"><\/div><div class=\"swiper-slide-inner\" ><div class=\"swiper-slide-contents\"><\/div><\/div><\/div>\t\t\t\t<\/div>\n\t\t\t\t\t\t\t<\/div>\n\t\t\t\t\t\t\t\t<\/div>\n\t\t\t\t\t<\/div>\n\t\t\t\t<\/div>\n\t\t\t\t<section class=\"elementor-section elementor-top-section elementor-element elementor-element-3611387 elementor-section-boxed elementor-section-height-default elementor-section-height-default\" data-id=\"3611387\" data-element_type=\"section\" data-e-type=\"section\">\n\t\t\t\t\t\t<div class=\"elementor-container elementor-column-gap-default\">\n\t\t\t\t\t<div class=\"elementor-column elementor-col-50 elementor-top-column elementor-element elementor-element-08ff3db\" data-id=\"08ff3db\" data-element_type=\"column\" data-e-type=\"column\">\n\t\t\t<div class=\"elementor-widget-wrap elementor-element-populated\">\n\t\t\t\t\t\t<div class=\"elementor-element elementor-element-962b2b7 elementor-widget elementor-widget-text-editor\" data-id=\"962b2b7\" data-element_type=\"widget\" data-e-type=\"widget\" data-widget_type=\"text-editor.default\">\n\t\t\t\t\t\t\t\t\t<p>Vi skaber muligheden for at starte dagen ud p\u00e5 den fedeste vis med dans, musik og endorfiner for fuld udbl\u00e6sning.<\/p><p>Stine Beck der siden barns ben har danset og aldrig sluppet det, men taget det med videre ind i hendes arbejdsliv.<\/p><p>Stine er uddannet l\u00e6rer og har flere \u00e5rs erfaringer fra efterskoleverdenen, danseskoler og l\u00e6rerseminariet hvor hun underviser i dans i forbindelse med idr\u00e6tsuddannelsen.<\/p><p>Stine har erfaring med hele paletten af trin og st\u00e5r klar til at \u00f8ve alle &#8216;moves&#8217; 2 morgener om ugen<\/p>\t\t\t\t\t\t\t\t<\/div>\n\t\t\t\t\t<\/div>\n\t\t<\/div>\n\t\t\t\t<div class=\"elementor-column elementor-col-50 elementor-top-column elementor-element elementor-element-228c043\" data-id=\"228c043\" data-element_type=\"column\" data-e-type=\"column\">\n\t\t\t<div class=\"elementor-widget-wrap elementor-element-populated\">\n\t\t\t\t\t\t<div class=\"elementor-element elementor-element-f0e5848 elementor-widget elementor-widget-text-editor\" data-id=\"f0e5848\" data-element_type=\"widget\" data-e-type=\"widget\" data-widget_type=\"text-editor.default\">\n\t\t\t\t\t\t\t\t\t<p>Tr\u00e6ningen kommer til at foreg\u00e5 i vores gymnastiksal p\u00e5 skolen i Simmersted hvor der er tilst\u00f8dende badefaciliteter tilknyttet.<\/p><p>Efter endt tr\u00e6ning og bad, m\u00f8des man med de \u00f8vrige linjer og kammerater til f\u00e6lles morgenmad inden skoledagen for alvor g\u00e5r igang.<\/p><p>Udover de 2 morgentr\u00e6ninger, er der en motorik og styrketr\u00e6ning p\u00e5 ugens skoleskema, yoga om onsdagen og den obligatoriske idr\u00e6tsundervisning.<\/p><p>Der er derudover en fuld kostpakke med inklusiv, hvor der tages h\u00f8jde for sultne sportsfolk.<\/p>\t\t\t\t\t\t\t\t<\/div>\n\t\t\t\t\t<\/div>\n\t\t<\/div>\n\t\t\t\t\t<\/div>\n\t\t<\/section>\n\t\t<div class=\"elementor-element elementor-element-c51aa9a e-flex e-con-boxed e-con e-parent\" data-id=\"c51aa9a\" data-element_type=\"container\" data-e-type=\"container\">\n\t\t\t\t\t<div class=\"e-con-inner\">\n\t\t\t\t<div class=\"elementor-element elementor-element-d45be66 elementor-widget elementor-widget-spacer\" data-id=\"d45be66\" data-element_type=\"widget\" data-e-type=\"widget\" data-widget_type=\"spacer.default\">\n\t\t\t\t\t\t\t<div class=\"elementor-spacer\">\n\t\t\t<div class=\"elementor-spacer-inner\"><\/div>\n\t\t<\/div>\n\t\t\t\t\t\t<\/div>\n\t\t\t\t\t<\/div>\n\t\t\t\t<\/div>\n\t\t<div class=\"elementor-element elementor-element-ba954e0 e-grid e-con-boxed e-con e-parent\" data-id=\"ba954e0\" data-element_type=\"container\" data-e-type=\"container\">\n\t\t\t\t\t<div class=\"e-con-inner\">\n\t\t\t\t<div class=\"elementor-element elementor-element-deaf8ad elementor-widget elementor-widget-image\" data-id=\"deaf8ad\" data-element_type=\"widget\" data-e-type=\"widget\" data-widget_type=\"image.default\">\n\t\t\t\t\t\t\t\t\t\t\t\t\t\t\t<img fetchpriority=\"high\" decoding=\"async\" width=\"300\" height=\"300\" src=\"https:\/\/simfri.dk\/wp-content\/uploads\/2026\/04\/Skolemad-002-300x300.png\" class=\"attachment-medium size-medium wp-image-935\" alt=\"\" srcset=\"https:\/\/simfri.dk\/wp-content\/uploads\/2026\/04\/Skolemad-002-300x300.png 300w, https:\/\/simfri.dk\/wp-content\/uploads\/2026\/04\/Skolemad-002-1024x1024.png 1024w, https:\/\/simfri.dk\/wp-content\/uploads\/2026\/04\/Skolemad-002-150x150.png 150w, https:\/\/simfri.dk\/wp-content\/uploads\/2026\/04\/Skolemad-002-768x768.png 768w, https:\/\/simfri.dk\/wp-content\/uploads\/2026\/04\/Skolemad-002-1536x1536.png 1536w, https:\/\/simfri.dk\/wp-content\/uploads\/2026\/04\/Skolemad-002-2048x2048.png 2048w, https:\/\/simfri.dk\/wp-content\/uploads\/2026\/04\/Skolemad-002-230x230.png 230w, https:\/\/simfri.dk\/wp-content\/uploads\/2026\/04\/Skolemad-002-380x380.png 380w\" sizes=\"(max-width: 300px) 100vw, 300px\" \/>\t\t\t\t\t\t\t\t\t\t\t\t\t\t\t<\/div>\n\t\t\t\t<div class=\"elementor-element elementor-element-460d974 elementor-widget elementor-widget-text-editor\" data-id=\"460d974\" data-element_type=\"widget\" data-e-type=\"widget\" data-widget_type=\"text-editor.default\">\n\t\t\t\t\t\t\t\t\t<p>Vi er enormt stolte af at kunne tilbyde sund og varieret kost hos os hele dagen.<\/p><p>Vores egen kok Rikke s\u00f8rger for at der om formiddagen er hjemmebagt br\u00f8d og frisksk\u00e5ret \u00f8kologisk frugt og gr\u00f8nt til alle klasser.<\/p><p>Fra kl. 11.15 m\u00f8des vi alle i vores spisesal og spiser et dejligt frokostm\u00e5ltid i f\u00e6llesskab.<\/p><p>Der sendes hver uge en menu ud for ugens retter.<\/p><p>Skolemaden er en del af den nationale fors\u00f8gsordning som l\u00f8ber indtil 2029.\u00a0<\/p><p>Skolemaden er allerede en stor succes hos os, hvor gr\u00e6nser flyttes og f\u00e6llesskab og sunde vaner dyrkes\u00a0\u00a0<\/p>\t\t\t\t\t\t\t\t<\/div>\n\t\t\t\t\t<\/div>\n\t\t\t\t<\/div>\n\t\t\t\t<\/div>\n\t\t","protected":false},"excerpt":{"rendered":"<p>Danselinjen En perfekt mulighed for at dygtigg\u00f8re sig og give den fuld gas p\u00e5 gulvet flere gange om ugen Vi skaber muligheden for at starte dagen ud p\u00e5 den fedeste vis med dans, musik og endorfiner for fuld udbl\u00e6sning. Stine Beck der siden barns ben har danset og aldrig sluppet det, men taget det med [&hellip;]<\/p>\n<\/p><div class=\"more-link\"><a href=\"https:\/\/simfri.dk\/index.php\/danselinjen\/\" class=\"btn btn-small btn--dark btn-hover-shadow\"><span class=\"text\">Continue Reading<\/span><i class=\"seoicon-right-arrow\"><\/i><\/a><\/div>","protected":false},"author":1,"featured_media":0,"parent":0,"menu_order":10,"comment_status":"closed","ping_status":"closed","template":"","meta":{"footnotes":""},"class_list":["post-1286","page","type-page","status-publish","hentry"],"_links":{"self":[{"href":"https:\/\/simfri.dk\/index.php\/wp-json\/wp\/v2\/pages\/1286","targetHints":{"allow":["GET"]}}],"collection":[{"href":"https:\/\/simfri.dk\/index.php\/wp-json\/wp\/v2\/pages"}],"about":[{"href":"https:\/\/simfri.dk\/index.php\/wp-json\/wp\/v2\/types\/page"}],"author":[{"embeddable":true,"href":"https:\/\/simfri.dk\/index.php\/wp-json\/wp\/v2\/users\/1"}],"replies":[{"embeddable":true,"href":"https:\/\/simfri.dk\/index.php\/wp-json\/wp\/v2\/comments?post=1286"}],"version-history":[{"count":22,"href":"https:\/\/simfri.dk\/index.php\/wp-json\/wp\/v2\/pages\/1286\/revisions"}],"predecessor-version":[{"id":1888,"href":"https:\/\/simfri.dk\/index.php\/wp-json\/wp\/v2\/pages\/1286\/revisions\/1888"}],"wp:attachment":[{"href":"https:\/\/simfri.dk\/index.php\/wp-json\/wp\/v2\/media?parent=1286"}],"curies":[{"name":"wp","href":"https:\/\/api.w.org\/{rel}","templated":true}]}}